{"id":3415,"date":"2023-04-03T10:13:19","date_gmt":"2023-04-03T08:13:19","guid":{"rendered":"https:\/\/enthec.com\/?page_id=3415"},"modified":"2025-03-06T13:53:41","modified_gmt":"2025-03-06T12:53:41","slug":"media-presence-tic-cybersecurity","status":"publish","type":"page","link":"https:\/\/enthec.com\/en\/media-presence-tic-cybersecurity\/","title":{"rendered":"Media presence: TiC Cybersecurity"},"content":{"rendered":"<p>Read the full story<\/p>\n<blockquote class=\"wp-embedded-content\" data-secret=\"IhYIqa0xsd\"><p><a href=\"https:\/\/ciberseguridadtic.es\/entrevistas\/enthec-las-companias-estan-mucho-mas-abiertas-de-lo-que-ellas-mismas-pueden-suponer-202304031651.htm\">Enthec: \u201cLas compa\u00f1\u00edas est\u00e1n mucho m\u00e1s abiertas de lo que ellas mismas pueden suponer\u201d<\/a><\/p><\/blockquote>\n<p><iframe class=\"wp-embedded-content\" sandbox=\"allow-scripts\" security=\"restricted\" style=\"position: absolute; visibility: hidden;\" title=\"\u00abEnthec: \u201cLas compa\u00f1\u00edas est\u00e1n mucho m\u00e1s abiertas de lo que ellas mismas pueden suponer\u201d\u00bb \u2014 Ciberseguridadtic\" src=\"https:\/\/ciberseguridadtic.es\/entrevistas\/enthec-las-companias-estan-mucho-mas-abiertas-de-lo-que-ellas-mismas-pueden-suponer-202304031651.htm\/embed#?secret=Bf2sxS0nQi#?secret=IhYIqa0xsd\" data-secret=\"IhYIqa0xsd\" width=\"600\" height=\"338\" frameborder=\"0\" marginwidth=\"0\" marginheight=\"0\" scrolling=\"no\"><\/iframe><\/p>\n","protected":false},"excerpt":{"rendered":"<p>Read the full story Enthec: \u201cLas compa\u00f1\u00edas est\u00e1n mucho m\u00e1s abiertas de lo que ellas mismas pueden suponer\u201d<\/p>\n","protected":false},"author":1,"featured_media":1817,"parent":0,"menu_order":0,"comment_status":"closed","ping_status":"closed","template":"","meta":{"footnotes":""},"class_list":["post-3415","page","type-page","status-publish","has-post-thumbnail","hentry","page_category-news"],"yoast_head":"<!-- This site is optimized with the Yoast SEO plugin v27.2 - https:\/\/yoast.com\/product\/yoast-seo-wordpress\/ -->\n<title>Media presence: TiC Cybersecurity - ENTHEC \u00b7 Kartos \u00b7 Qondar<\/title>\n<meta name=\"robots\" content=\"index, follow, max-snippet:-1, max-image-preview:large, max-video-preview:-1\" \/>\n<link rel=\"canonical\" href=\"https:\/\/enthec.com\/en\/media-presence-tic-cybersecurity\/\" \/>\n<meta property=\"og:locale\" content=\"en_US\" \/>\n<meta property=\"og:type\" content=\"article\" \/>\n<meta property=\"og:title\" content=\"Media presence: TiC Cybersecurity - ENTHEC \u00b7 Kartos \u00b7 Qondar\" \/>\n<meta property=\"og:description\" content=\"Read the full story Enthec: \u201cLas compa\u00f1\u00edas est\u00e1n mucho m\u00e1s abiertas de lo que ellas mismas pueden suponer\u201d\" \/>\n<meta property=\"og:url\" content=\"https:\/\/enthec.com\/en\/media-presence-tic-cybersecurity\/\" \/>\n<meta property=\"og:site_name\" content=\"ENTHEC \u00b7 Kartos \u00b7 Qondar\" \/>\n<meta property=\"article:modified_time\" content=\"2025-03-06T12:53:41+00:00\" \/>\n<meta property=\"og:image\" content=\"https:\/\/enthec.com\/wp-content\/uploads\/2023\/11\/solcuiones02.webp\" \/>\n\t<meta property=\"og:image:width\" content=\"700\" \/>\n\t<meta property=\"og:image:height\" content=\"494\" \/>\n\t<meta property=\"og:image:type\" content=\"image\/webp\" \/>\n<meta name=\"twitter:card\" content=\"summary_large_image\" \/>\n<meta name=\"twitter:label1\" content=\"Est. reading time\" \/>\n\t<meta name=\"twitter:data1\" content=\"1 minute\" \/>\n<script type=\"application\/ld+json\" class=\"yoast-schema-graph\">{\"@context\":\"https:\/\/schema.org\",\"@graph\":[{\"@type\":\"WebPage\",\"@id\":\"https:\/\/enthec.com\/en\/media-presence-tic-cybersecurity\/\",\"url\":\"https:\/\/enthec.com\/en\/media-presence-tic-cybersecurity\/\",\"name\":\"Media presence: TiC Cybersecurity - ENTHEC \u00b7 Kartos \u00b7 Qondar\",\"isPartOf\":{\"@id\":\"https:\/\/enthec.com\/#website\"},\"primaryImageOfPage\":{\"@id\":\"https:\/\/enthec.com\/en\/media-presence-tic-cybersecurity\/#primaryimage\"},\"image\":{\"@id\":\"https:\/\/enthec.com\/en\/media-presence-tic-cybersecurity\/#primaryimage\"},\"thumbnailUrl\":\"https:\/\/enthec.com\/wp-content\/uploads\/2023\/11\/solcuiones02.webp\",\"datePublished\":\"2023-04-03T08:13:19+00:00\",\"dateModified\":\"2025-03-06T12:53:41+00:00\",\"breadcrumb\":{\"@id\":\"https:\/\/enthec.com\/en\/media-presence-tic-cybersecurity\/#breadcrumb\"},\"inLanguage\":\"en-US\",\"potentialAction\":[{\"@type\":\"ReadAction\",\"target\":[\"https:\/\/enthec.com\/en\/media-presence-tic-cybersecurity\/\"]}]},{\"@type\":\"ImageObject\",\"inLanguage\":\"en-US\",\"@id\":\"https:\/\/enthec.com\/en\/media-presence-tic-cybersecurity\/#primaryimage\",\"url\":\"https:\/\/enthec.com\/wp-content\/uploads\/2023\/11\/solcuiones02.webp\",\"contentUrl\":\"https:\/\/enthec.com\/wp-content\/uploads\/2023\/11\/solcuiones02.webp\",\"width\":700,\"height\":494},{\"@type\":\"BreadcrumbList\",\"@id\":\"https:\/\/enthec.com\/en\/media-presence-tic-cybersecurity\/#breadcrumb\",\"itemListElement\":[{\"@type\":\"ListItem\",\"position\":1,\"name\":\"Portada\",\"item\":\"https:\/\/enthec.com\/en\/\"},{\"@type\":\"ListItem\",\"position\":2,\"name\":\"Media presence: TiC Cybersecurity\"}]},{\"@type\":\"WebSite\",\"@id\":\"https:\/\/enthec.com\/#website\",\"url\":\"https:\/\/enthec.com\/\",\"name\":\"ENTHEC\",\"description\":\"Advanced AI-driven Cyber-Surveillance Platform\",\"publisher\":{\"@id\":\"https:\/\/enthec.com\/#organization\"},\"alternateName\":\"ENTHEC \u00b7 Kartos \u00b7 Qondar\",\"potentialAction\":[{\"@type\":\"SearchAction\",\"target\":{\"@type\":\"EntryPoint\",\"urlTemplate\":\"https:\/\/enthec.com\/?s={search_term_string}\"},\"query-input\":{\"@type\":\"PropertyValueSpecification\",\"valueRequired\":true,\"valueName\":\"search_term_string\"}}],\"inLanguage\":\"en-US\"},{\"@type\":\"Organization\",\"@id\":\"https:\/\/enthec.com\/#organization\",\"name\":\"ENTHEC\",\"alternateName\":\"ENTHEC \u00b7 Kartos \u00b7 Qondar\",\"url\":\"https:\/\/enthec.com\/\",\"logo\":{\"@type\":\"ImageObject\",\"inLanguage\":\"en-US\",\"@id\":\"https:\/\/enthec.com\/#\/schema\/logo\/image\/\",\"url\":\"https:\/\/enthec.com\/wp-content\/uploads\/2024\/08\/Fondo-blanco_1.png\",\"contentUrl\":\"https:\/\/enthec.com\/wp-content\/uploads\/2024\/08\/Fondo-blanco_1.png\",\"width\":667,\"height\":131,\"caption\":\"ENTHEC\"},\"image\":{\"@id\":\"https:\/\/enthec.com\/#\/schema\/logo\/image\/\"}}]}<\/script>\n<!-- \/ Yoast SEO plugin. -->","yoast_head_json":{"title":"Media presence: TiC Cybersecurity - ENTHEC \u00b7 Kartos \u00b7 Qondar","robots":{"index":"index","follow":"follow","max-snippet":"max-snippet:-1","max-image-preview":"max-image-preview:large","max-video-preview":"max-video-preview:-1"},"canonical":"https:\/\/enthec.com\/en\/media-presence-tic-cybersecurity\/","og_locale":"en_US","og_type":"article","og_title":"Media presence: TiC Cybersecurity - ENTHEC \u00b7 Kartos \u00b7 Qondar","og_description":"Read the full story Enthec: \u201cLas compa\u00f1\u00edas est\u00e1n mucho m\u00e1s abiertas de lo que ellas mismas pueden suponer\u201d","og_url":"https:\/\/enthec.com\/en\/media-presence-tic-cybersecurity\/","og_site_name":"ENTHEC \u00b7 Kartos \u00b7 Qondar","article_modified_time":"2025-03-06T12:53:41+00:00","og_image":[{"width":700,"height":494,"url":"https:\/\/enthec.com\/wp-content\/uploads\/2023\/11\/solcuiones02.webp","type":"image\/webp"}],"twitter_card":"summary_large_image","twitter_misc":{"Est. reading time":"1 minute"},"schema":{"@context":"https:\/\/schema.org","@graph":[{"@type":"WebPage","@id":"https:\/\/enthec.com\/en\/media-presence-tic-cybersecurity\/","url":"https:\/\/enthec.com\/en\/media-presence-tic-cybersecurity\/","name":"Media presence: TiC Cybersecurity - ENTHEC \u00b7 Kartos \u00b7 Qondar","isPartOf":{"@id":"https:\/\/enthec.com\/#website"},"primaryImageOfPage":{"@id":"https:\/\/enthec.com\/en\/media-presence-tic-cybersecurity\/#primaryimage"},"image":{"@id":"https:\/\/enthec.com\/en\/media-presence-tic-cybersecurity\/#primaryimage"},"thumbnailUrl":"https:\/\/enthec.com\/wp-content\/uploads\/2023\/11\/solcuiones02.webp","datePublished":"2023-04-03T08:13:19+00:00","dateModified":"2025-03-06T12:53:41+00:00","breadcrumb":{"@id":"https:\/\/enthec.com\/en\/media-presence-tic-cybersecurity\/#breadcrumb"},"inLanguage":"en-US","potentialAction":[{"@type":"ReadAction","target":["https:\/\/enthec.com\/en\/media-presence-tic-cybersecurity\/"]}]},{"@type":"ImageObject","inLanguage":"en-US","@id":"https:\/\/enthec.com\/en\/media-presence-tic-cybersecurity\/#primaryimage","url":"https:\/\/enthec.com\/wp-content\/uploads\/2023\/11\/solcuiones02.webp","contentUrl":"https:\/\/enthec.com\/wp-content\/uploads\/2023\/11\/solcuiones02.webp","width":700,"height":494},{"@type":"BreadcrumbList","@id":"https:\/\/enthec.com\/en\/media-presence-tic-cybersecurity\/#breadcrumb","itemListElement":[{"@type":"ListItem","position":1,"name":"Portada","item":"https:\/\/enthec.com\/en\/"},{"@type":"ListItem","position":2,"name":"Media presence: TiC Cybersecurity"}]},{"@type":"WebSite","@id":"https:\/\/enthec.com\/#website","url":"https:\/\/enthec.com\/","name":"ENTHEC","description":"Advanced AI-driven Cyber-Surveillance Platform","publisher":{"@id":"https:\/\/enthec.com\/#organization"},"alternateName":"ENTHEC \u00b7 Kartos \u00b7 Qondar","potentialAction":[{"@type":"SearchAction","target":{"@type":"EntryPoint","urlTemplate":"https:\/\/enthec.com\/?s={search_term_string}"},"query-input":{"@type":"PropertyValueSpecification","valueRequired":true,"valueName":"search_term_string"}}],"inLanguage":"en-US"},{"@type":"Organization","@id":"https:\/\/enthec.com\/#organization","name":"ENTHEC","alternateName":"ENTHEC \u00b7 Kartos \u00b7 Qondar","url":"https:\/\/enthec.com\/","logo":{"@type":"ImageObject","inLanguage":"en-US","@id":"https:\/\/enthec.com\/#\/schema\/logo\/image\/","url":"https:\/\/enthec.com\/wp-content\/uploads\/2024\/08\/Fondo-blanco_1.png","contentUrl":"https:\/\/enthec.com\/wp-content\/uploads\/2024\/08\/Fondo-blanco_1.png","width":667,"height":131,"caption":"ENTHEC"},"image":{"@id":"https:\/\/enthec.com\/#\/schema\/logo\/image\/"}}]}},"_links":{"self":[{"href":"https:\/\/enthec.com\/en\/wp-json\/wp\/v2\/pages\/3415","targetHints":{"allow":["GET"]}}],"collection":[{"href":"https:\/\/enthec.com\/en\/wp-json\/wp\/v2\/pages"}],"about":[{"href":"https:\/\/enthec.com\/en\/wp-json\/wp\/v2\/types\/page"}],"author":[{"embeddable":true,"href":"https:\/\/enthec.com\/en\/wp-json\/wp\/v2\/users\/1"}],"replies":[{"embeddable":true,"href":"https:\/\/enthec.com\/en\/wp-json\/wp\/v2\/comments?post=3415"}],"version-history":[{"count":0,"href":"https:\/\/enthec.com\/en\/wp-json\/wp\/v2\/pages\/3415\/revisions"}],"wp:featuredmedia":[{"embeddable":true,"href":"https:\/\/enthec.com\/en\/wp-json\/wp\/v2\/media\/1817"}],"wp:attachment":[{"href":"https:\/\/enthec.com\/en\/wp-json\/wp\/v2\/media?parent=3415"}],"curies":[{"name":"wp","href":"https:\/\/api.w.org\/{rel}","templated":true}]}}